{"id":10518,"date":"2021-03-20T09:28:07","date_gmt":"2021-03-20T09:28:07","guid":{"rendered":"https:\/\/chrusttranslations.ch\/de\/?page_id=10518"},"modified":"2022-06-06T12:44:56","modified_gmt":"2022-06-06T12:44:56","slug":"dolmetschen-support-vor-ort","status":"publish","type":"page","link":"https:\/\/chrust-translations.ch\/de\/dolmetschen-support-vor-ort\/","title":{"rendered":"Dolmetschen &#8211; Support vor Ort"},"content":{"rendered":"\t\t<div data-elementor-type=\"wp-page\" data-elementor-id=\"10518\" class=\"elementor elementor-10518\" data-elementor-post-type=\"page\">\n\t\t\t\t\t\t<section class=\"elementor-section elementor-top-section elementor-element elementor-element-b7e8b3e elementor-section-boxed elementor-section-height-default elementor-section-height-default\" data-id=\"b7e8b3e\" data-element_type=\"section\">\n\t\t\t\t\t\t<div class=\"elementor-container elementor-column-gap-default\">\n\t\t\t\t\t<div class=\"elementor-column elementor-col-50 elementor-top-column elementor-element elementor-element-2ed7542\" data-id=\"2ed7542\" data-element_type=\"column\" data-settings=\"{&quot;background_background&quot;:&quot;classic&quot;}\">\n\t\t\t<div class=\"elementor-widget-wrap elementor-element-populated\">\n\t\t\t\t\t\t<div class=\"elementor-element elementor-element-bbbd0e4 elementor-widget elementor-widget-image\" data-id=\"bbbd0e4\" data-element_type=\"widget\" data-widget_type=\"image.default\">\n\t\t\t\t<div class=\"elementor-widget-container\">\n\t\t\t\t\t\t\t\t\t\t\t\t\t\t\t<img fetchpriority=\"high\" decoding=\"async\" width=\"602\" height=\"158\" src=\"https:\/\/chrust-translations.ch\/de\/wp-content\/uploads\/2021\/05\/Logo-Nazwa-Firmy.png\" class=\"attachment-large size-large wp-image-13523\" alt=\"\" srcset=\"https:\/\/chrust-translations.ch\/de\/wp-content\/uploads\/2021\/05\/Logo-Nazwa-Firmy.png 602w, https:\/\/chrust-translations.ch\/de\/wp-content\/uploads\/2021\/05\/Logo-Nazwa-Firmy-300x79.png 300w, https:\/\/chrust-translations.ch\/de\/wp-content\/uploads\/2021\/05\/Logo-Nazwa-Firmy-418x110.png 418w\" sizes=\"(max-width: 602px) 100vw, 602px\" \/>\t\t\t\t\t\t\t\t\t\t\t\t\t\t\t<\/div>\n\t\t\t\t<\/div>\n\t\t\t\t\t<\/div>\n\t\t<\/div>\n\t\t\t\t<div class=\"elementor-column elementor-col-50 elementor-top-column elementor-element elementor-element-a252b86\" data-id=\"a252b86\" data-element_type=\"column\" data-settings=\"{&quot;background_background&quot;:&quot;classic&quot;}\">\n\t\t\t<div class=\"elementor-widget-wrap elementor-element-populated\">\n\t\t\t\t\t\t<div class=\"elementor-element elementor-element-a4589d7 elementor-widget elementor-widget-heading\" data-id=\"a4589d7\" data-element_type=\"widget\" data-widget_type=\"heading.default\">\n\t\t\t\t<div class=\"elementor-widget-container\">\n\t\t\t\t\t<h2 class=\"elementor-heading-title elementor-size-default\">Dank unserer Qualifikationen und fundierter Erfahrung unterst\u00fctzen wir Dich in der gesamten Deutschschweiz w\u00e4hrend amtlichen Terminen in Deutsch und Polnisch <\/h2>\t\t\t\t<\/div>\n\t\t\t\t<\/div>\n\t\t\t\t<div class=\"elementor-element elementor-element-6185b4c elementor-widget elementor-widget-text-editor\" data-id=\"6185b4c\" data-element_type=\"widget\" data-widget_type=\"text-editor.default\">\n\t\t\t\t<div class=\"elementor-widget-container\">\n\t\t\t\t\t\t\t\t\t<p>Erwartest Du einen wichtigen Arzttermin, Schlichtungsverfahren, Termin beim Verkehrspsychologen oder Beratungsgespr\u00e4ch bei der RAV?<\/p><p>\u00a0<\/p><p>M\u00f6chtest Du vor Ort einen Vertrag unterschreiben aber aufgrund fehlender Sprachkenntnisse hast Du Angst die wichtigen Punkte nicht zu verstehen?<\/p><p>\u00a0<\/p><p>Lass Dich durch uns begleiten und sei dich sicher, dass alle Deine Aussagen wahrheitsgetreu \u00fcbersetzt werden und Deine Unterschrift mit Deinen \u00dcberzeugungen und W\u00fcnschen \u00fcbereinstimmt.\u00a0<\/p>\t\t\t\t\t\t\t\t<\/div>\n\t\t\t\t<\/div>\n\t\t\t\t<div class=\"elementor-element elementor-element-7061d1f elementor-headline--style-highlight elementor-widget elementor-widget-animated-headline\" data-id=\"7061d1f\" data-element_type=\"widget\" data-settings=\"{&quot;marker&quot;:&quot;double_underline&quot;,&quot;highlighted_text&quot;:&quot;jede&quot;,&quot;headline_style&quot;:&quot;highlight&quot;,&quot;highlight_animation_duration&quot;:1200}\" data-widget_type=\"animated-headline.default\">\n\t\t\t\t<div class=\"elementor-widget-container\">\n\t\t\t\t\t\t\t<h3 class=\"elementor-headline\">\n\t\t\t\t\t<span class=\"elementor-headline-plain-text elementor-headline-text-wrapper\">Zusammen \u00fcberwinden wir<\/span>\n\t\t\t\t<span class=\"elementor-headline-dynamic-wrapper elementor-headline-text-wrapper\">\n\t\t\t\t\t<span class=\"elementor-headline-dynamic-text elementor-headline-text-active\">jede<\/span>\n\t\t\t\t<\/span>\n\t\t\t\t\t<span class=\"elementor-headline-plain-text elementor-headline-text-wrapper\">Sprachbarriere<\/span>\n\t\t\t\t\t<\/h3>\n\t\t\t\t\t\t<\/div>\n\t\t\t\t<\/div>\n\t\t\t\t<div class=\"elementor-element elementor-element-3ae7614 elementor-widget elementor-widget-spacer\" data-id=\"3ae7614\" data-element_type=\"widget\" data-widget_type=\"spacer.default\">\n\t\t\t\t<div class=\"elementor-widget-container\">\n\t\t\t\t\t\t\t<div class=\"elementor-spacer\">\n\t\t\t<div class=\"elementor-spacer-inner\"><\/div>\n\t\t<\/div>\n\t\t\t\t\t\t<\/div>\n\t\t\t\t<\/div>\n\t\t\t\t<div class=\"elementor-element elementor-element-a12fd6d elementor-widget elementor-widget-heading\" data-id=\"a12fd6d\" data-element_type=\"widget\" data-widget_type=\"heading.default\">\n\t\t\t\t<div class=\"elementor-widget-container\">\n\t\t\t\t\t<h2 class=\"elementor-heading-title elementor-size-default\">Wir dolmetschen auf folgenden Gebieten:<\/h2>\t\t\t\t<\/div>\n\t\t\t\t<\/div>\n\t\t\t\t<div class=\"elementor-element elementor-element-9a0eaf6 elementor-widget elementor-widget-toggle\" data-id=\"9a0eaf6\" data-element_type=\"widget\" data-widget_type=\"toggle.default\">\n\t\t\t\t<div class=\"elementor-widget-container\">\n\t\t\t\t\t\t\t<div class=\"elementor-toggle\">\n\t\t\t\t\t\t\t<div class=\"elementor-toggle-item\">\n\t\t\t\t\t<div id=\"elementor-tab-title-1611\" class=\"elementor-tab-title\" data-tab=\"1\" role=\"button\" aria-controls=\"elementor-tab-content-1611\" aria-expanded=\"false\">\n\t\t\t\t\t\t\t\t\t\t\t\t<span class=\"elementor-toggle-icon elementor-toggle-icon-left\" aria-hidden=\"true\">\n\t\t\t\t\t\t\t\t\t\t\t\t\t\t\t<span class=\"elementor-toggle-icon-closed\"><i class=\"fas fa-caret-right\"><\/i><\/span>\n\t\t\t\t\t\t\t\t<span class=\"elementor-toggle-icon-opened\"><i class=\"elementor-toggle-icon-opened fas fa-caret-up\"><\/i><\/span>\n\t\t\t\t\t\t\t\t\t\t\t\t\t<\/span>\n\t\t\t\t\t\t\t\t\t\t\t\t<a class=\"elementor-toggle-title\" tabindex=\"0\">Sozial- und Gesundheitswesen<\/a>\n\t\t\t\t\t<\/div>\n\n\t\t\t\t\t<div id=\"elementor-tab-content-1611\" class=\"elementor-tab-content elementor-clearfix\" data-tab=\"1\" role=\"region\" aria-labelledby=\"elementor-tab-title-1611\"><ul>\n \t<li><span \">RAV und Arbeitslosenkasse (Anmeldung, Erstgespr\u00e4ch, weitere Kontrollgespr\u00e4che)<\/span><\/li>\n \t<li><span \">Sozialdienste (Anmeldung f\u00fcr die Sozialleistungen)\u00a0<\/span><\/li>\n \t<li><span \">Gemeindeverwaltung, Migrationsamt (Meldeverfahren, Erstgespr\u00e4che, Aufenthaltsbewilligungen, Wegweisungen)<\/span><\/li>\n \t<li><span \">IV , SUVA (Berufliche Integration, Begutachtungen, kreis\u00e4rztliche Untersuchungen)<\/span><\/li>\n \t<li><span \">Spit\u00e4ler, Kliniken, Arzt- und Psychotheraputpraxen (pre- und postoperative Abkl\u00e4rungen, Untersuchungen, Termine)\u00a0\u00a0<\/span><\/li>\n<\/ul><\/div>\n\t\t\t\t<\/div>\n\t\t\t\t\t\t\t<div class=\"elementor-toggle-item\">\n\t\t\t\t\t<div id=\"elementor-tab-title-1612\" class=\"elementor-tab-title\" data-tab=\"2\" role=\"button\" aria-controls=\"elementor-tab-content-1612\" aria-expanded=\"false\">\n\t\t\t\t\t\t\t\t\t\t\t\t<span class=\"elementor-toggle-icon elementor-toggle-icon-left\" aria-hidden=\"true\">\n\t\t\t\t\t\t\t\t\t\t\t\t\t\t\t<span class=\"elementor-toggle-icon-closed\"><i class=\"fas fa-caret-right\"><\/i><\/span>\n\t\t\t\t\t\t\t\t<span class=\"elementor-toggle-icon-opened\"><i class=\"elementor-toggle-icon-opened fas fa-caret-up\"><\/i><\/span>\n\t\t\t\t\t\t\t\t\t\t\t\t\t<\/span>\n\t\t\t\t\t\t\t\t\t\t\t\t<a class=\"elementor-toggle-title\" tabindex=\"0\">Justizwesen<\/a>\n\t\t\t\t\t<\/div>\n\n\t\t\t\t\t<div id=\"elementor-tab-content-1612\" class=\"elementor-tab-content elementor-clearfix\" data-tab=\"2\" role=\"region\" aria-labelledby=\"elementor-tab-title-1612\"><ul>\n \t<li><span \">Gerichte, Polizei, Staatsanwaltschaft und KESB (Verfahren, Anzeigen, Einvernahmen, Telefondolmetschen)<\/span><\/li>\n \t<li><span \">Kanzleien \/ amtliche Verteidigung (Erstgespr\u00e4che, Beratungen, Folgetermine)<\/span><\/li>\n \t<li><span \">Verkehrspsychologen und Gutachter (verkehrspsychologische Begutachtungen)<\/span><\/li>\n<\/ul><\/div>\n\t\t\t\t<\/div>\n\t\t\t\t\t\t\t<div class=\"elementor-toggle-item\">\n\t\t\t\t\t<div id=\"elementor-tab-title-1613\" class=\"elementor-tab-title\" data-tab=\"3\" role=\"button\" aria-controls=\"elementor-tab-content-1613\" aria-expanded=\"false\">\n\t\t\t\t\t\t\t\t\t\t\t\t<span class=\"elementor-toggle-icon elementor-toggle-icon-left\" aria-hidden=\"true\">\n\t\t\t\t\t\t\t\t\t\t\t\t\t\t\t<span class=\"elementor-toggle-icon-closed\"><i class=\"fas fa-caret-right\"><\/i><\/span>\n\t\t\t\t\t\t\t\t<span class=\"elementor-toggle-icon-opened\"><i class=\"elementor-toggle-icon-opened fas fa-caret-up\"><\/i><\/span>\n\t\t\t\t\t\t\t\t\t\t\t\t\t<\/span>\n\t\t\t\t\t\t\t\t\t\t\t\t<a class=\"elementor-toggle-title\" tabindex=\"0\">Bildungswesen<\/a>\n\t\t\t\t\t<\/div>\n\n\t\t\t\t\t<div id=\"elementor-tab-content-1613\" class=\"elementor-tab-content elementor-clearfix\" data-tab=\"3\" role=\"region\" aria-labelledby=\"elementor-tab-title-1613\"><ul>\n \t<li><span style=\"\">\u00a0<\/span>Schulen, Kinderg\u00e4rten, Sonderschulen (Elterngespr\u00e4che, Abkl\u00e4rungen, Standortbestimmungen)<\/li>\n<\/ul><\/div>\n\t\t\t\t<\/div>\n\t\t\t\t\t\t\t\t<\/div>\n\t\t\t\t\t\t<\/div>\n\t\t\t\t<\/div>\n\t\t\t\t\t<\/div>\n\t\t<\/div>\n\t\t\t\t\t<\/div>\n\t\t<\/section>\n\t\t\t\t<section class=\"elementor-section elementor-top-section elementor-element elementor-element-5b849e42 elementor-section-boxed elementor-section-height-default elementor-section-height-default\" data-id=\"5b849e42\" data-element_type=\"section\">\n\t\t\t\t\t\t<div class=\"elementor-container elementor-column-gap-wider\">\n\t\t\t\t\t<div class=\"elementor-column elementor-col-50 elementor-top-column elementor-element elementor-element-e51675b\" data-id=\"e51675b\" data-element_type=\"column\">\n\t\t\t<div class=\"elementor-widget-wrap elementor-element-populated\">\n\t\t\t\t\t\t<div class=\"elementor-element elementor-element-1790c1f0 elementor-widget elementor-widget-text-editor\" data-id=\"1790c1f0\" data-element_type=\"widget\" data-widget_type=\"text-editor.default\">\n\t\t\t\t<div class=\"elementor-widget-container\">\n\t\t\t\t\t\t\t\t\t<h3>Warum Chrust Translations?<\/h3><ul><li>Wir kennen Deine Rechte und Pflichten genau<\/li><li>Wir beachten unseren Berufskodex und sind 100% diskret<\/li><li>Flexible Eins\u00e4tze in der ganzen Deutschschweiz<\/li><li>Wir bereiten uns exakt auf Deinen Fall vor und vertreten Dein Anliegen kompetent<\/li><li>Wir setzen uns f\u00fcr Dich ein und lassen Dich nicht im Stich!<\/li><li>Zahlreiche Referenzen auf Wunsch vorhanden<\/li><\/ul>\t\t\t\t\t\t\t\t<\/div>\n\t\t\t\t<\/div>\n\t\t\t\t\t<\/div>\n\t\t<\/div>\n\t\t\t\t<div class=\"elementor-column elementor-col-50 elementor-top-column elementor-element elementor-element-777907cb\" data-id=\"777907cb\" data-element_type=\"column\">\n\t\t\t<div class=\"elementor-widget-wrap elementor-element-populated\">\n\t\t\t\t\t\t<div class=\"elementor-element elementor-element-668472b2 elementor-widget elementor-widget-toggle\" data-id=\"668472b2\" data-element_type=\"widget\" data-widget_type=\"toggle.default\">\n\t\t\t\t<div class=\"elementor-widget-container\">\n\t\t\t\t\t\t\t<div class=\"elementor-toggle\">\n\t\t\t\t\t\t\t<div class=\"elementor-toggle-item\">\n\t\t\t\t\t<div id=\"elementor-tab-title-1711\" class=\"elementor-tab-title\" data-tab=\"1\" role=\"button\" aria-controls=\"elementor-tab-content-1711\" aria-expanded=\"false\">\n\t\t\t\t\t\t\t\t\t\t\t\t<span class=\"elementor-toggle-icon elementor-toggle-icon-left\" aria-hidden=\"true\">\n\t\t\t\t\t\t\t\t\t\t\t\t\t\t\t<span class=\"elementor-toggle-icon-closed\"><i class=\"fas fa-caret-right\"><\/i><\/span>\n\t\t\t\t\t\t\t\t<span class=\"elementor-toggle-icon-opened\"><i class=\"elementor-toggle-icon-opened fas fa-caret-up\"><\/i><\/span>\n\t\t\t\t\t\t\t\t\t\t\t\t\t<\/span>\n\t\t\t\t\t\t\t\t\t\t\t\t<a class=\"elementor-toggle-title\" tabindex=\"0\">Preis<\/a>\n\t\t\t\t\t<\/div>\n\n\t\t\t\t\t<div id=\"elementor-tab-content-1711\" class=\"elementor-tab-content elementor-clearfix\" data-tab=\"1\" role=\"region\" aria-labelledby=\"elementor-tab-title-1711\"><ul style=\"font-size: 18px;\"><li><span style=\"color: #000000;\">Stundensatz 140 CHF +zzgl. Reisezeitentsch\u00e4digung<\/span><\/li><li><span style=\"color: #000000;\">Die Reisezeitentsch\u00e4digung wird individuell je nach Strecke bestimmt\u00a0<\/span><\/li><li><span style=\"color: #000000;\">Mindesteinsatz &#8211; 1 Stunde (60 Minuten) &#8211; jede weitere 15 Minuten: 30 CHF<\/span><\/li><\/ul><\/div>\n\t\t\t\t<\/div>\n\t\t\t\t\t\t\t<div class=\"elementor-toggle-item\">\n\t\t\t\t\t<div id=\"elementor-tab-title-1712\" class=\"elementor-tab-title\" data-tab=\"2\" role=\"button\" aria-controls=\"elementor-tab-content-1712\" aria-expanded=\"false\">\n\t\t\t\t\t\t\t\t\t\t\t\t<span class=\"elementor-toggle-icon elementor-toggle-icon-left\" aria-hidden=\"true\">\n\t\t\t\t\t\t\t\t\t\t\t\t\t\t\t<span class=\"elementor-toggle-icon-closed\"><i class=\"fas fa-caret-right\"><\/i><\/span>\n\t\t\t\t\t\t\t\t<span class=\"elementor-toggle-icon-opened\"><i class=\"elementor-toggle-icon-opened fas fa-caret-up\"><\/i><\/span>\n\t\t\t\t\t\t\t\t\t\t\t\t\t<\/span>\n\t\t\t\t\t\t\t\t\t\t\t\t<a class=\"elementor-toggle-title\" tabindex=\"0\">Dolmetscharten<\/a>\n\t\t\t\t\t<\/div>\n\n\t\t\t\t\t<div id=\"elementor-tab-content-1712\" class=\"elementor-tab-content elementor-clearfix\" data-tab=\"2\" role=\"region\" aria-labelledby=\"elementor-tab-title-1712\"><ul style=\"font-size: 18px;\"><li><span style=\"color: #000000;\">Konsekutivdolmetschen (die verdolmetschten Sequenzen erfolgen zeitversetzt)<\/span><\/li><li><span style=\"color: #000000;\">Telefondolmetschen (flexible L\u00f6sung ohne Reiseaufwand)<\/span><\/li><\/ul><\/div>\n\t\t\t\t<\/div>\n\t\t\t\t\t\t\t<div class=\"elementor-toggle-item\">\n\t\t\t\t\t<div id=\"elementor-tab-title-1713\" class=\"elementor-tab-title\" data-tab=\"3\" role=\"button\" aria-controls=\"elementor-tab-content-1713\" aria-expanded=\"false\">\n\t\t\t\t\t\t\t\t\t\t\t\t<span class=\"elementor-toggle-icon elementor-toggle-icon-left\" aria-hidden=\"true\">\n\t\t\t\t\t\t\t\t\t\t\t\t\t\t\t<span class=\"elementor-toggle-icon-closed\"><i class=\"fas fa-caret-right\"><\/i><\/span>\n\t\t\t\t\t\t\t\t<span class=\"elementor-toggle-icon-opened\"><i class=\"elementor-toggle-icon-opened fas fa-caret-up\"><\/i><\/span>\n\t\t\t\t\t\t\t\t\t\t\t\t\t<\/span>\n\t\t\t\t\t\t\t\t\t\t\t\t<a class=\"elementor-toggle-title\" tabindex=\"0\">Qualifikationen <\/a>\n\t\t\t\t\t<\/div>\n\n\t\t\t\t\t<div id=\"elementor-tab-content-1713\" class=\"elementor-tab-content elementor-clearfix\" data-tab=\"3\" role=\"region\" aria-labelledby=\"elementor-tab-title-1713\"><p><strong>Diplome:<\/strong><\/p><ul style=\"font-size: 18px;\"><li><span style=\"color: #000000;\">Diplom des Obergerichts Kantons Z\u00fcrich &#8211; &#8220;Interkantonaler Zulassungskurs Beh\u00f6rden- und Gerichtsdolmetschen&#8221;\u00a0<\/span><\/li><\/ul><p><span style=\"letter-spacing: 0px; color: #000000;\"><b>Zertifikate:<\/b><\/span><\/p><ul style=\"font-size: 18px;\"><li><span style=\"color: #000000;\">\u201eErfolgreich Dolmetschen bei Beh\u00f6rden und Gerichten\u201cnach INTERPRET<\/span><\/li><li><span style=\"color: #000000; letter-spacing: 0px;\">Interkulturelle Dolmetscherin \u2013 Zertifikat INTERPRET<\/span><\/li><li><span style=\"color: #000000;\">\u201eInterkulturelles Dolmetschen im Trialog\u201c<\/span><\/li><li><span style=\"color: #000000;\">\u201eOrientierung im Bildungs-, Gesundheit \u2013 und Sozialwesen\u201c<\/span><\/li><li><span style=\"color: #000000;\">\u201eDolmetschen im psychotherapeutischen Bereich&#8221;<\/span><\/li><li><span style=\"color: #000000;\">\u201eBegleiten von Personen im Integrationsprozess&#8221;<\/span><\/li><\/ul><\/div>\n\t\t\t\t<\/div>\n\t\t\t\t\t\t\t<div class=\"elementor-toggle-item\">\n\t\t\t\t\t<div id=\"elementor-tab-title-1714\" class=\"elementor-tab-title\" data-tab=\"4\" role=\"button\" aria-controls=\"elementor-tab-content-1714\" aria-expanded=\"false\">\n\t\t\t\t\t\t\t\t\t\t\t\t<span class=\"elementor-toggle-icon elementor-toggle-icon-left\" aria-hidden=\"true\">\n\t\t\t\t\t\t\t\t\t\t\t\t\t\t\t<span class=\"elementor-toggle-icon-closed\"><i class=\"fas fa-caret-right\"><\/i><\/span>\n\t\t\t\t\t\t\t\t<span class=\"elementor-toggle-icon-opened\"><i class=\"elementor-toggle-icon-opened fas fa-caret-up\"><\/i><\/span>\n\t\t\t\t\t\t\t\t\t\t\t\t\t<\/span>\n\t\t\t\t\t\t\t\t\t\t\t\t<a class=\"elementor-toggle-title\" tabindex=\"0\">Akkreditierungen \/ Zulassungen<\/a>\n\t\t\t\t\t<\/div>\n\n\t\t\t\t\t<div id=\"elementor-tab-content-1714\" class=\"elementor-tab-content elementor-clearfix\" data-tab=\"4\" role=\"region\" aria-labelledby=\"elementor-tab-title-1714\"><ul><li><span style=\"color: #000000;\">Appellationsgericht Basel-Stadt<\/span><\/li><li><span style=\"color: #000000;\">Justiz- und Strafverfolgungsbeh\u00f6rden des Kantons Bern<\/span><\/li><li><span style=\"color: #000000;\">Polizei, Stadtpolizei, Staatsanwaltschaft, Jugendanwaltschaft und Gerichte &#8211; Kanton Solothurn<\/span><\/li><li><span style=\"color: #000000;\">Kantonspolizei St. Gallen<\/span><\/li><li><span style=\"color: #000000;\">Justiz- und Strafverfolgungsbeh\u00f6rden des Kantons Thurgau<br \/><\/span><\/li><li><span style=\"color: #000000;\">Gerichte und Strafverfolgungsbeh\u00f6rden\u00a0Kanton Aargau<\/span><\/li><li><span style=\"color: #000000;\">Gerichte, Justiz- und Sicherheitsdepartement des Kantons Luzern<\/span><\/li><li><span style=\"color: #000000;\">Justiz- und Strafverfolgungsbeh\u00f6rden des Kantons Basel-Landschaft<\/span><\/li><\/ul><\/div>\n\t\t\t\t<\/div>\n\t\t\t\t\t\t\t\t<\/div>\n\t\t\t\t\t\t<\/div>\n\t\t\t\t<\/div>\n\t\t\t\t<div class=\"elementor-element elementor-element-7a0bbd5 elementor-align-left elementor-tablet-align-left elementor-mobile-align-left elementor-widget elementor-widget-button\" data-id=\"7a0bbd5\" data-element_type=\"widget\" data-widget_type=\"button.default\">\n\t\t\t\t<div class=\"elementor-widget-container\">\n\t\t\t\t\t\t\t\t\t<div class=\"elementor-button-wrapper\">\n\t\t\t\t\t<a class=\"elementor-button elementor-button-link elementor-size-lg\" href=\"https:\/\/chrust-translations.ch\/de\/kontakt-ch\">\n\t\t\t\t\t\t<span class=\"elementor-button-content-wrapper\">\n\t\t\t\t\t\t<span class=\"elementor-button-icon\">\n\t\t\t\t<i aria-hidden=\"true\" class=\"fas fa-phone-volume\"><\/i>\t\t\t<\/span>\n\t\t\t\t\t\t\t\t\t<span class=\"elementor-button-text\">Termin vereinbaren<\/span>\n\t\t\t\t\t<\/span>\n\t\t\t\t\t<\/a>\n\t\t\t\t<\/div>\n\t\t\t\t\t\t\t\t<\/div>\n\t\t\t\t<\/div>\n\t\t\t\t\t<\/div>\n\t\t<\/div>\n\t\t\t\t\t<\/div>\n\t\t<\/section>\n\t\t\t\t<\/div>\n\t\t","protected":false},"excerpt":{"rendered":"<p>Dank unserer Qualifikationen und fundierter Erfahrung unterst\u00fctzen wir Dich in der gesamten Deutschschweiz w\u00e4hrend amtlichen Terminen in Deutsch und Polnisch Erwartest Du einen wichtigen Arzttermin, Schlichtungsverfahren, Termin beim Verkehrspsychologen oder Beratungsgespr\u00e4ch bei der RAV? \u00a0 M\u00f6chtest Du vor Ort einen Vertrag unterschreiben aber aufgrund fehlender Sprachkenntnisse hast Du Angst die wichtigen Punkte nicht zu verstehen? [&hellip;]<\/p>\n","protected":false},"author":4,"featured_media":0,"parent":0,"menu_order":0,"comment_status":"closed","ping_status":"closed","template":"","meta":{"footnotes":""},"class_list":["post-10518","page","type-page","status-publish","hentry"],"_links":{"self":[{"href":"https:\/\/chrust-translations.ch\/de\/wp-json\/wp\/v2\/pages\/10518","targetHints":{"allow":["GET"]}}],"collection":[{"href":"https:\/\/chrust-translations.ch\/de\/wp-json\/wp\/v2\/pages"}],"about":[{"href":"https:\/\/chrust-translations.ch\/de\/wp-json\/wp\/v2\/types\/page"}],"author":[{"embeddable":true,"href":"https:\/\/chrust-translations.ch\/de\/wp-json\/wp\/v2\/users\/4"}],"replies":[{"embeddable":true,"href":"https:\/\/chrust-translations.ch\/de\/wp-json\/wp\/v2\/comments?post=10518"}],"version-history":[{"count":518,"href":"https:\/\/chrust-translations.ch\/de\/wp-json\/wp\/v2\/pages\/10518\/revisions"}],"predecessor-version":[{"id":16812,"href":"https:\/\/chrust-translations.ch\/de\/wp-json\/wp\/v2\/pages\/10518\/revisions\/16812"}],"wp:attachment":[{"href":"https:\/\/chrust-translations.ch\/de\/wp-json\/wp\/v2\/media?parent=10518"}],"curies":[{"name":"wp","href":"https:\/\/api.w.org\/{rel}","templated":true}]}}